{"id":73,"date":"2025-12-04T19:47:58","date_gmt":"2025-12-04T19:47:58","guid":{"rendered":"https:\/\/phaseslune.ch\/?page_id=73"},"modified":"2026-03-24T18:01:41","modified_gmt":"2026-03-24T18:01:41","slug":"galerie-montres-phases-lune","status":"publish","type":"page","link":"https:\/\/phaseslune.ch\/en\/galerie-montres-phases-lune\/","title":{"rendered":"Gallery"},"content":{"rendered":"<div style=\"height:80px\" aria-hidden=\"true\" class=\"wp-block-spacer\"><\/div>\n\n\n\n<h2 class=\"wp-block-heading has-base-2-color has-text-color has-link-color wp-elements-8bd884807e1bef28878dbf349323b73c\">Gallery<\/h2>\n\n\n\n<p class=\"has-base-2-color has-text-color has-link-color wp-elements-db46ff31d0c5fe51c23685aee310426e\">Discover a selection of the most iconic moon phase watch models in this interactive gallery.<\/p>\n\n\n\n<p class=\"has-custom-color-1-color has-text-color has-link-color wp-elements-8d54f255750c68a5850c25529bd1cd05\">Galerie Montres phases de lune<\/p>\n\n\n\n<div class=\"wp-block-group alignfull has-custom-color-1-background-color has-background has-global-padding is-layout-constrained wp-block-group-is-layout-constrained\" style=\"padding-top:var(--wp--preset--spacing--40);padding-bottom:var(--wp--preset--spacing--40)\">\n<h2 class=\"wp-block-heading\">Audemars Piguet : Phases de Lune<\/h2>\n\n\n\n<div style=\"height:15px\" aria-hidden=\"true\" class=\"wp-block-spacer\"><\/div>\n\n\n\n<div class=\"wp-block-gutsliders-photo-carousel gutslider-4e06cf65 nav_outside nav_cc has__pagination\" data-swiper-options=\"{&quot;slidesPerView&quot;:1,&quot;spaceBetween&quot;:0,&quot;loop&quot;:true,&quot;autoplay&quot;:false,&quot;speed&quot;:600,&quot;effect&quot;:&quot;slide&quot;,&quot;keyboard&quot;:{&quot;enabled&quot;:true},&quot;mousewheel&quot;:true,&quot;breakpoints&quot;:{&quot;320&quot;:{&quot;slidesPerView&quot;:1,&quot;spaceBetween&quot;:0},&quot;768&quot;:{&quot;slidesPerView&quot;:2,&quot;spaceBetween&quot;:15},&quot;1025&quot;:{&quot;slidesPerView&quot;:&quot;1&quot;,&quot;spaceBetween&quot;:15}},&quot;navigation&quot;:{&quot;nextEl&quot;:&quot;.gutslider-4e06cf65 .gutslider-next&quot;,&quot;prevEl&quot;:&quot;.gutslider-4e06cf65 .gutslider-prev&quot;},&quot;pagination&quot;:{&quot;el&quot;:&quot;.gutslider-4e06cf65 .swiper-pagination&quot;,&quot;type&quot;:&quot;bullets&quot;,&quot;dynamicBullets&quot;:true,&quot;clickable&quot;:true}}\"><div class=\"swiper\"><div class=\"swiper-wrapper\"><div class=\"swiper-slide\"><div class=\"swiper-container-outer none\"><img decoding=\"async\" src=\"https:\/\/phaseslune.ch\/wp-content\/uploads\/2025\/12\/watch-1097-2.avif\" alt=\"Audermars Piguet Royal Oak Montre \u00e0 Phases de Lune\"\/><div class=\"gutslider-caption bottom__left full__width\">Audermars Piguet Royal Oak<\/div><\/div><\/div><div class=\"swiper-slide\"><div class=\"swiper-container-outer none\"><img decoding=\"async\" src=\"https:\/\/phaseslune.ch\/wp-content\/uploads\/2025\/12\/watch-1144-1.avif\" alt=\"Audermars Piguet Royal Oak Montre \u00e0 Phases de Lune\"\/><div class=\"gutslider-caption bottom__left full__width\">Audermars Piguet Royal Oak<\/div><\/div><\/div><div class=\"swiper-slide\"><div class=\"swiper-container-outer none\"><img decoding=\"async\" src=\"https:\/\/phaseslune.ch\/wp-content\/uploads\/2025\/12\/watch-1145-1.avif\" alt=\"Audermars Piguet Code 11.59 Montre \u00e0 Phases de Lune\"\/><div class=\"gutslider-caption bottom__left full__width\">Audermars Piguet Code 11.59<\/div><\/div><\/div><div class=\"swiper-slide\"><div class=\"swiper-container-outer none\"><img decoding=\"async\" src=\"https:\/\/phaseslune.ch\/wp-content\/uploads\/2025\/12\/watch-1149.avif\" alt=\"Audermars Piguet Royal Oak Montre \u00e0 Phases de Lune\"\/><div class=\"gutslider-caption bottom__left full__width\">Audermars Piguet Royal Oak<\/div><\/div><\/div><div class=\"swiper-slide\"><div class=\"swiper-container-outer none\"><img decoding=\"async\" src=\"https:\/\/phaseslune.ch\/wp-content\/uploads\/2025\/12\/watch-1155.avif\" alt=\"Audermars Piguet Royal Oak Montre \u00e0 Phases de Lune\"\/><div class=\"gutslider-caption bottom__left full__width\">Audermars Piguet Royal Oak<\/div><\/div><\/div><\/div><\/div><div class=\"swiper-pagination\"><\/div><div class=\"gutslider-nav nav_outside nav_cc\"><div class=\"gutslider-prev\"><svg width=\"16\" height=\"16\" fill=\"currentColor\" viewbox=\"0 0 16 16\"><path fill-rule=\"evenodd\" d=\"M15 8a.5.5 0 0 0-.5-.5H2.707l3.147-3.146a.5.5 0 1 0-.708-.708l-4 4a.5.5 0 0 0 0 .708l4 4a.5.5 0 0 0 .708-.708L2.707 8.5H14.5A.5.5 0 0 0 15 8z\"><\/path><\/svg><\/div><div class=\"gutslider-next\"><svg width=\"16\" height=\"16\" fill=\"currentColor\" viewbox=\"0 0 16 16\"><path fill-rule=\"evenodd\" d=\"M1 8a.5.5 0 0 1 .5-.5h11.793l-3.147-3.146a.5.5 0 0 1 .708-.708l4 4a.5.5 0 0 1 0 .708l-4 4a.5.5 0 0 1-.708-.708L13.293 8.5H1.5A.5.5 0 0 1 1 8z\"><\/path><\/svg><\/div><\/div><\/div>\n<\/div>\n\n\n\n<div class=\"wp-block-buttons is-content-justification-center is-layout-flex wp-container-core-buttons-is-layout-a89b3969 wp-block-buttons-is-layout-flex\">\n<div class=\"wp-block-button\"><a class=\"wp-block-button__link wp-element-button\" href=\"https:\/\/www.audemarspiguet.com\" target=\"_blank\" rel=\"noreferrer noopener\">Site officiel d&rsquo;Audemars Piguet<\/a><\/div>\n<\/div>\n\n\n\n<div style=\"height:10px\" aria-hidden=\"true\" class=\"wp-block-spacer\"><\/div>\n\n\n\n<div class=\"wp-block-group alignfull has-background has-global-padding is-layout-constrained wp-block-group-is-layout-constrained\" style=\"background-color:#f0f0f0;padding-top:var(--wp--preset--spacing--40);padding-bottom:var(--wp--preset--spacing--40)\">\n<h2 class=\"wp-block-heading has-custom-color-1-color has-text-color has-link-color wp-elements-47b404f0c94f2a1384d4a241716e2ef3\">Patek Philippe : Phases de Lune<\/h2>\n\n\n\n<div style=\"height:15px\" aria-hidden=\"true\" class=\"wp-block-spacer\"><\/div>\n\n\n\n<div class=\"wp-block-gutsliders-photo-carousel gutslider-e3046b2e nav_outside nav_cc has__pagination\" data-swiper-options=\"{&quot;slidesPerView&quot;:1,&quot;spaceBetween&quot;:0,&quot;loop&quot;:true,&quot;autoplay&quot;:false,&quot;speed&quot;:600,&quot;effect&quot;:&quot;slide&quot;,&quot;keyboard&quot;:{&quot;enabled&quot;:true},&quot;mousewheel&quot;:true,&quot;breakpoints&quot;:{&quot;320&quot;:{&quot;slidesPerView&quot;:1,&quot;spaceBetween&quot;:0},&quot;768&quot;:{&quot;slidesPerView&quot;:2,&quot;spaceBetween&quot;:15},&quot;1025&quot;:{&quot;slidesPerView&quot;:&quot;1&quot;,&quot;spaceBetween&quot;:15}},&quot;navigation&quot;:{&quot;nextEl&quot;:&quot;.gutslider-e3046b2e .gutslider-next&quot;,&quot;prevEl&quot;:&quot;.gutslider-e3046b2e .gutslider-prev&quot;},&quot;pagination&quot;:{&quot;el&quot;:&quot;.gutslider-e3046b2e .swiper-pagination&quot;,&quot;type&quot;:&quot;bullets&quot;,&quot;dynamicBullets&quot;:true,&quot;clickable&quot;:true}}\"><div class=\"swiper\"><div class=\"swiper-wrapper\"><div class=\"swiper-slide\"><div class=\"swiper-container-outer none\"><img decoding=\"async\" src=\"https:\/\/phaseslune.ch\/wp-content\/uploads\/2026\/01\/patekphilippe-moonphase-2-2.avif\" alt=\"Patek Philippe Nautilus Montre \u00e0 Phases de Lune\"\/><div class=\"gutslider-caption bottom__left full__width\">Patek Philippe Nautilus<\/div><\/div><\/div><div class=\"swiper-slide\"><div class=\"swiper-container-outer none\"><img data-recalc-dims=\"1\" decoding=\"async\" src=\"https:\/\/i0.wp.com\/phaseslune.ch\/wp-content\/uploads\/2026\/01\/patekphilippe-moonphasewebp-2.png?ssl=1\" alt=\"Patek Philippe Montre \u00e0 Phases de Lune\"\/><div class=\"gutslider-caption bottom__left full__width\">Patek Philippe<\/div><\/div><\/div><div class=\"swiper-slide\"><div class=\"swiper-container-outer none\"><img data-recalc-dims=\"1\" decoding=\"async\" src=\"https:\/\/i0.wp.com\/phaseslune.ch\/wp-content\/uploads\/2026\/01\/patekphilippe-moonphase-3-4.png?ssl=1\" alt=\"Patek Philippe Montre \u00e0 Phases de Lune\"\/><div class=\"gutslider-caption bottom__left full__width\">Patek Philippe<\/div><\/div><\/div><\/div><\/div><div class=\"swiper-pagination\"><\/div><div class=\"gutslider-nav nav_outside nav_cc\"><div class=\"gutslider-prev\"><svg width=\"16\" height=\"16\" fill=\"currentColor\" viewbox=\"0 0 16 16\"><path fill-rule=\"evenodd\" d=\"M15 8a.5.5 0 0 0-.5-.5H2.707l3.147-3.146a.5.5 0 1 0-.708-.708l-4 4a.5.5 0 0 0 0 .708l4 4a.5.5 0 0 0 .708-.708L2.707 8.5H14.5A.5.5 0 0 0 15 8z\"><\/path><\/svg><\/div><div class=\"gutslider-next\"><svg width=\"16\" height=\"16\" fill=\"currentColor\" viewbox=\"0 0 16 16\"><path fill-rule=\"evenodd\" d=\"M1 8a.5.5 0 0 1 .5-.5h11.793l-3.147-3.146a.5.5 0 0 1 .708-.708l4 4a.5.5 0 0 1 0 .708l-4 4a.5.5 0 0 1-.708-.708L13.293 8.5H1.5A.5.5 0 0 1 1 8z\"><\/path><\/svg><\/div><\/div><\/div>\n\n\n\n<div style=\"height:40px\" aria-hidden=\"true\" class=\"wp-block-spacer\"><\/div>\n\n\n\n<div class=\"wp-block-buttons is-content-justification-center is-layout-flex wp-container-core-buttons-is-layout-a89b3969 wp-block-buttons-is-layout-flex\">\n<div class=\"wp-block-button\"><a class=\"wp-block-button__link wp-element-button\" href=\"https:\/\/www.patek.com\/\" target=\"_blank\" rel=\"noreferrer noopener\">Site officiel de Patek Philippe<\/a><\/div>\n<\/div>\n<\/div>\n\n\n\n<div class=\"wp-block-group alignfull has-custom-color-1-background-color has-background has-global-padding is-layout-constrained wp-block-group-is-layout-constrained\" style=\"padding-top:var(--wp--preset--spacing--40);padding-bottom:var(--wp--preset--spacing--40)\">\n<h2 class=\"wp-block-heading\">Cartier : Phases de Lune<\/h2>\n\n\n\n<div style=\"height:15px\" aria-hidden=\"true\" class=\"wp-block-spacer\"><\/div>\n\n\n\n<div class=\"wp-block-gutsliders-photo-carousel gutslider-a947cd2d nav_outside nav_cc has__pagination\" data-swiper-options=\"{&quot;slidesPerView&quot;:1,&quot;spaceBetween&quot;:0,&quot;loop&quot;:true,&quot;autoplay&quot;:false,&quot;speed&quot;:600,&quot;effect&quot;:&quot;slide&quot;,&quot;keyboard&quot;:{&quot;enabled&quot;:true},&quot;mousewheel&quot;:true,&quot;breakpoints&quot;:{&quot;320&quot;:{&quot;slidesPerView&quot;:1,&quot;spaceBetween&quot;:0},&quot;768&quot;:{&quot;slidesPerView&quot;:2,&quot;spaceBetween&quot;:15},&quot;1025&quot;:{&quot;slidesPerView&quot;:&quot;1&quot;,&quot;spaceBetween&quot;:15}},&quot;navigation&quot;:{&quot;nextEl&quot;:&quot;.gutslider-a947cd2d .gutslider-next&quot;,&quot;prevEl&quot;:&quot;.gutslider-a947cd2d .gutslider-prev&quot;},&quot;pagination&quot;:{&quot;el&quot;:&quot;.gutslider-a947cd2d .swiper-pagination&quot;,&quot;type&quot;:&quot;bullets&quot;,&quot;dynamicBullets&quot;:true,&quot;clickable&quot;:true}}\"><div class=\"swiper\"><div class=\"swiper-wrapper\"><div class=\"swiper-slide\"><div class=\"swiper-container-outer none\"><img data-recalc-dims=\"1\" decoding=\"async\" src=\"https:\/\/i0.wp.com\/phaseslune.ch\/wp-content\/uploads\/2026\/01\/cartier-moonphasewebp-1.png?ssl=1\" alt=\"Cartier Montre \u00e0 Phases de Lune\"\/><div class=\"gutslider-caption bottom__left full__width\">Cartier<\/div><\/div><\/div><div class=\"swiper-slide\"><div class=\"swiper-container-outer none\"><img data-recalc-dims=\"1\" decoding=\"async\" src=\"https:\/\/i0.wp.com\/phaseslune.ch\/wp-content\/uploads\/2026\/01\/cartier-moonphasewebp-2-1.png?ssl=1\" alt=\"Cartier Montre \u00e0 Phases de Lune\"\/><div class=\"gutslider-caption bottom__left full__width\">Cartier<\/div><\/div><\/div><\/div><\/div><div class=\"swiper-pagination\"><\/div><div class=\"gutslider-nav nav_outside nav_cc\"><div class=\"gutslider-prev\"><svg width=\"16\" height=\"16\" fill=\"currentColor\" viewbox=\"0 0 16 16\"><path fill-rule=\"evenodd\" d=\"M15 8a.5.5 0 0 0-.5-.5H2.707l3.147-3.146a.5.5 0 1 0-.708-.708l-4 4a.5.5 0 0 0 0 .708l4 4a.5.5 0 0 0 .708-.708L2.707 8.5H14.5A.5.5 0 0 0 15 8z\"><\/path><\/svg><\/div><div class=\"gutslider-next\"><svg width=\"16\" height=\"16\" fill=\"currentColor\" viewbox=\"0 0 16 16\"><path fill-rule=\"evenodd\" d=\"M1 8a.5.5 0 0 1 .5-.5h11.793l-3.147-3.146a.5.5 0 0 1 .708-.708l4 4a.5.5 0 0 1 0 .708l-4 4a.5.5 0 0 1-.708-.708L13.293 8.5H1.5A.5.5 0 0 1 1 8z\"><\/path><\/svg><\/div><\/div><\/div>\n<\/div>\n\n\n\n<div style=\"height:5px\" aria-hidden=\"true\" class=\"wp-block-spacer\"><\/div>\n\n\n\n<div class=\"wp-block-buttons is-content-justification-center is-layout-flex wp-container-core-buttons-is-layout-a89b3969 wp-block-buttons-is-layout-flex\">\n<div class=\"wp-block-button\"><a class=\"wp-block-button__link wp-element-button\" href=\"https:\/\/www.cartier.com\/fr-ch\" target=\"_blank\" rel=\"noreferrer noopener\">Site officiel de Cartier<\/a><\/div>\n<\/div>\n\n\n\n<div style=\"height:50px\" aria-hidden=\"true\" class=\"wp-block-spacer\"><\/div>\n\n\n\n<div class=\"wp-block-group alignfull has-custom-color-2-background-color has-background has-global-padding is-layout-constrained wp-container-core-group-is-layout-d89aad35 wp-block-group-is-layout-constrained\" style=\"margin-top:0;margin-bottom:0;padding-top:var(--wp--preset--spacing--50);padding-right:var(--wp--preset--spacing--50);padding-bottom:var(--wp--preset--spacing--50);padding-left:var(--wp--preset--spacing--50)\">\n<div class=\"wp-block-group alignwide has-base-2-background-color has-background has-global-padding is-layout-constrained wp-container-core-group-is-layout-39412042 wp-block-group-is-layout-constrained\" style=\"border-top-left-radius:0px;border-top-right-radius:0px;border-bottom-left-radius:0px;border-bottom-right-radius:0px;padding-top:var(--wp--preset--spacing--40);padding-right:var(--wp--preset--spacing--50);padding-bottom:var(--wp--preset--spacing--40);padding-left:var(--wp--preset--spacing--50)\">\n<div style=\"height:var(--wp--preset--spacing--10)\" aria-hidden=\"true\" class=\"wp-block-spacer\"><\/div>\n\n\n\n<h2 class=\"wp-block-heading alignwide has-text-align-center has-custom-color-1-color has-text-color has-link-color has-x-large-font-size wp-elements-a536793bf3dda63b3efbb280b1dedaec\">Trend review - January 2026<\/h2>\n\n\n\n<div style=\"height:5px\" aria-hidden=\"true\" class=\"wp-block-spacer\"><\/div>\n\n\n\n<p class=\"has-text-align-center has-custom-color-1-color has-text-color has-link-color wp-elements-a30ca1929ce04be6207d4840d785e5c3\">All the latest and most sought-after models with monthly moon-phase complications, brought together in a free monthly review.<\/p>\n\n\n\n<div style=\"height:5px\" aria-hidden=\"true\" class=\"wp-block-spacer\"><\/div>\n\n\n\n<div class=\"wp-block-buttons is-content-justification-center is-layout-flex wp-container-core-buttons-is-layout-f1981121 wp-block-buttons-is-layout-flex\" style=\"margin-top:var(--wp--preset--spacing--20);margin-bottom:var(--wp--preset--spacing--20);padding-right:0;padding-left:0\">\n<div class=\"wp-block-button\"><a class=\"wp-block-button__link has-medium-font-size has-custom-font-size wp-element-button\" href=\"https:\/\/phaseslune.ch\/en\/revue\/\" style=\"border-top-left-radius:0px;border-top-right-radius:0px;border-bottom-left-radius:0px;border-bottom-right-radius:0px;padding-top:var(--wp--preset--spacing--20);padding-right:var(--wp--preset--spacing--20);padding-bottom:var(--wp--preset--spacing--20);padding-left:var(--wp--preset--spacing--20)\">I want the January 2026 issue!<\/a><\/div>\n<\/div>\n\n\n\n<div style=\"height:var(--wp--preset--spacing--10)\" aria-hidden=\"true\" class=\"wp-block-spacer\"><\/div>\n<\/div>\n<\/div>","protected":false},"excerpt":{"rendered":"<p>Galerie D\u00e9couvrez une s\u00e9lection des mod\u00e8les de montres \u00e0 phases de lune les plus iconiques \u00e0 travers cette galerie interactive. Galerie Montres phases de lune Audemars Piguet : Phases de Lune Patek Philippe : Phases de Lune Cartier : Phases de Lune Revue des tendances &#8211; Janvier 2026 Tous les derniers mod\u00e8les \u00e0 complications de [&hellip;]<\/p>\n","protected":false},"author":1,"featured_media":0,"parent":0,"menu_order":0,"comment_status":"closed","ping_status":"closed","template":"","meta":{"footnotes":""},"class_list":["post-73","page","type-page","status-publish","hentry"],"yoast_head":"<!-- This site is optimized with the Yoast SEO plugin v27.2 - https:\/\/yoast.com\/product\/yoast-seo-wordpress\/ -->\n<title>Galerie Montres phases de lune Phases de Lune Galerie Montres phases de lune<\/title>\n<meta name=\"description\" content=\"D\u00e9couvrez plusieurs mod\u00e8les de montres \u00e0 phases de lune des plus iconiques \u00e0 travers cette galerie interactive.\" \/>\n<meta name=\"robots\" content=\"index, follow, max-snippet:-1, max-image-preview:large, max-video-preview:-1\" \/>\n<link rel=\"canonical\" href=\"https:\/\/phaseslune.ch\/en\/galerie-montres-phases-lune\/\" \/>\n<meta property=\"og:locale\" content=\"en_US\" \/>\n<meta property=\"og:type\" content=\"article\" \/>\n<meta property=\"og:title\" content=\"Galerie Montres phases de lune Phases de Lune Galerie Montres phases de lune\" \/>\n<meta property=\"og:description\" content=\"D\u00e9couvrez plusieurs mod\u00e8les de montres \u00e0 phases de lune des plus iconiques \u00e0 travers cette galerie interactive.\" \/>\n<meta property=\"og:url\" content=\"https:\/\/phaseslune.ch\/en\/galerie-montres-phases-lune\/\" \/>\n<meta property=\"og:site_name\" content=\"Phases de Lune\" \/>\n<meta property=\"article:modified_time\" content=\"2026-03-24T18:01:41+00:00\" \/>\n<meta property=\"og:image\" content=\"https:\/\/phaseslune.ch\/wp-content\/uploads\/2025\/12\/watch-1097-2.avif\" \/>\n<meta name=\"twitter:card\" content=\"summary_large_image\" \/>\n<meta name=\"twitter:label1\" content=\"Est. reading time\" \/>\n\t<meta name=\"twitter:data1\" content=\"3 minutes\" \/>\n<script type=\"application\/ld+json\" class=\"yoast-schema-graph\">{\"@context\":\"https:\/\/schema.org\",\"@graph\":[{\"@type\":\"WebPage\",\"@id\":\"https:\/\/phaseslune.ch\/galerie-montres-phases-lune\/\",\"url\":\"https:\/\/phaseslune.ch\/galerie-montres-phases-lune\/\",\"name\":\"Galerie Montres phases de lune Phases de Lune Galerie Montres phases de lune\",\"isPartOf\":{\"@id\":\"https:\/\/phaseslune.ch\/#website\"},\"primaryImageOfPage\":{\"@id\":\"https:\/\/phaseslune.ch\/galerie-montres-phases-lune\/#primaryimage\"},\"image\":{\"@id\":\"https:\/\/phaseslune.ch\/galerie-montres-phases-lune\/#primaryimage\"},\"thumbnailUrl\":\"https:\/\/phaseslune.ch\/wp-content\/uploads\/2025\/12\/watch-1097-2.avif\",\"datePublished\":\"2025-12-04T19:47:58+00:00\",\"dateModified\":\"2026-03-24T18:01:41+00:00\",\"description\":\"D\u00e9couvrez plusieurs mod\u00e8les de montres \u00e0 phases de lune des plus iconiques \u00e0 travers cette galerie interactive.\",\"breadcrumb\":{\"@id\":\"https:\/\/phaseslune.ch\/galerie-montres-phases-lune\/#breadcrumb\"},\"inLanguage\":\"en-US\",\"potentialAction\":[{\"@type\":\"ReadAction\",\"target\":[\"https:\/\/phaseslune.ch\/galerie-montres-phases-lune\/\"]}]},{\"@type\":\"ImageObject\",\"inLanguage\":\"en-US\",\"@id\":\"https:\/\/phaseslune.ch\/galerie-montres-phases-lune\/#primaryimage\",\"url\":\"https:\/\/phaseslune.ch\/wp-content\/uploads\/2025\/12\/watch-1097-2.avif\",\"contentUrl\":\"https:\/\/phaseslune.ch\/wp-content\/uploads\/2025\/12\/watch-1097-2.avif\"},{\"@type\":\"BreadcrumbList\",\"@id\":\"https:\/\/phaseslune.ch\/galerie-montres-phases-lune\/#breadcrumb\",\"itemListElement\":[{\"@type\":\"ListItem\",\"position\":1,\"name\":\"Accueil\",\"item\":\"https:\/\/phaseslune.ch\/\"},{\"@type\":\"ListItem\",\"position\":2,\"name\":\"Galerie\"}]},{\"@type\":\"WebSite\",\"@id\":\"https:\/\/phaseslune.ch\/#website\",\"url\":\"https:\/\/phaseslune.ch\/\",\"name\":\"Phases de Lune\",\"description\":\"\u00a9 Quentin Th\u00fcler, 2025\",\"publisher\":{\"@id\":\"https:\/\/phaseslune.ch\/#organization\"},\"potentialAction\":[{\"@type\":\"SearchAction\",\"target\":{\"@type\":\"EntryPoint\",\"urlTemplate\":\"https:\/\/phaseslune.ch\/?s={search_term_string}\"},\"query-input\":{\"@type\":\"PropertyValueSpecification\",\"valueRequired\":true,\"valueName\":\"search_term_string\"}}],\"inLanguage\":\"en-US\"},{\"@type\":\"Organization\",\"@id\":\"https:\/\/phaseslune.ch\/#organization\",\"name\":\"Phases de Lune\",\"url\":\"https:\/\/phaseslune.ch\/\",\"logo\":{\"@type\":\"ImageObject\",\"inLanguage\":\"en-US\",\"@id\":\"https:\/\/phaseslune.ch\/#\/schema\/logo\/image\/\",\"url\":\"https:\/\/i0.wp.com\/phaseslune.ch\/wp-content\/uploads\/2025\/12\/logo.png?fit=1642%2C1642&ssl=1\",\"contentUrl\":\"https:\/\/i0.wp.com\/phaseslune.ch\/wp-content\/uploads\/2025\/12\/logo.png?fit=1642%2C1642&ssl=1\",\"width\":1642,\"height\":1642,\"caption\":\"Phases de Lune\"},\"image\":{\"@id\":\"https:\/\/phaseslune.ch\/#\/schema\/logo\/image\/\"}}]}<\/script>\n<!-- \/ Yoast SEO plugin. -->","yoast_head_json":{"title":"Galerie Montres phases de lune Phases de Lune Galerie Montres phases de lune","description":"D\u00e9couvrez plusieurs mod\u00e8les de montres \u00e0 phases de lune des plus iconiques \u00e0 travers cette galerie interactive.","robots":{"index":"index","follow":"follow","max-snippet":"max-snippet:-1","max-image-preview":"max-image-preview:large","max-video-preview":"max-video-preview:-1"},"canonical":"https:\/\/phaseslune.ch\/en\/galerie-montres-phases-lune\/","og_locale":"en_US","og_type":"article","og_title":"Galerie Montres phases de lune Phases de Lune Galerie Montres phases de lune","og_description":"D\u00e9couvrez plusieurs mod\u00e8les de montres \u00e0 phases de lune des plus iconiques \u00e0 travers cette galerie interactive.","og_url":"https:\/\/phaseslune.ch\/en\/galerie-montres-phases-lune\/","og_site_name":"Phases de Lune","article_modified_time":"2026-03-24T18:01:41+00:00","og_image":[{"url":"https:\/\/phaseslune.ch\/wp-content\/uploads\/2025\/12\/watch-1097-2.avif","type":"","width":"","height":""}],"twitter_card":"summary_large_image","twitter_misc":{"Est. reading time":"3 minutes"},"schema":{"@context":"https:\/\/schema.org","@graph":[{"@type":"WebPage","@id":"https:\/\/phaseslune.ch\/galerie-montres-phases-lune\/","url":"https:\/\/phaseslune.ch\/galerie-montres-phases-lune\/","name":"Galerie Montres phases de lune Phases de Lune Galerie Montres phases de lune","isPartOf":{"@id":"https:\/\/phaseslune.ch\/#website"},"primaryImageOfPage":{"@id":"https:\/\/phaseslune.ch\/galerie-montres-phases-lune\/#primaryimage"},"image":{"@id":"https:\/\/phaseslune.ch\/galerie-montres-phases-lune\/#primaryimage"},"thumbnailUrl":"https:\/\/phaseslune.ch\/wp-content\/uploads\/2025\/12\/watch-1097-2.avif","datePublished":"2025-12-04T19:47:58+00:00","dateModified":"2026-03-24T18:01:41+00:00","description":"D\u00e9couvrez plusieurs mod\u00e8les de montres \u00e0 phases de lune des plus iconiques \u00e0 travers cette galerie interactive.","breadcrumb":{"@id":"https:\/\/phaseslune.ch\/galerie-montres-phases-lune\/#breadcrumb"},"inLanguage":"en-US","potentialAction":[{"@type":"ReadAction","target":["https:\/\/phaseslune.ch\/galerie-montres-phases-lune\/"]}]},{"@type":"ImageObject","inLanguage":"en-US","@id":"https:\/\/phaseslune.ch\/galerie-montres-phases-lune\/#primaryimage","url":"https:\/\/phaseslune.ch\/wp-content\/uploads\/2025\/12\/watch-1097-2.avif","contentUrl":"https:\/\/phaseslune.ch\/wp-content\/uploads\/2025\/12\/watch-1097-2.avif"},{"@type":"BreadcrumbList","@id":"https:\/\/phaseslune.ch\/galerie-montres-phases-lune\/#breadcrumb","itemListElement":[{"@type":"ListItem","position":1,"name":"Accueil","item":"https:\/\/phaseslune.ch\/"},{"@type":"ListItem","position":2,"name":"Galerie"}]},{"@type":"WebSite","@id":"https:\/\/phaseslune.ch\/#website","url":"https:\/\/phaseslune.ch\/","name":"Moon phases","description":"Quentin Th\u00fcler, 2025","publisher":{"@id":"https:\/\/phaseslune.ch\/#organization"},"potentialAction":[{"@type":"SearchAction","target":{"@type":"EntryPoint","urlTemplate":"https:\/\/phaseslune.ch\/?s={search_term_string}"},"query-input":{"@type":"PropertyValueSpecification","valueRequired":true,"valueName":"search_term_string"}}],"inLanguage":"en-US"},{"@type":"Organization","@id":"https:\/\/phaseslune.ch\/#organization","name":"Moon phases","url":"https:\/\/phaseslune.ch\/","logo":{"@type":"ImageObject","inLanguage":"en-US","@id":"https:\/\/phaseslune.ch\/#\/schema\/logo\/image\/","url":"https:\/\/i0.wp.com\/phaseslune.ch\/wp-content\/uploads\/2025\/12\/logo.png?fit=1642%2C1642&ssl=1","contentUrl":"https:\/\/i0.wp.com\/phaseslune.ch\/wp-content\/uploads\/2025\/12\/logo.png?fit=1642%2C1642&ssl=1","width":1642,"height":1642,"caption":"Phases de Lune"},"image":{"@id":"https:\/\/phaseslune.ch\/#\/schema\/logo\/image\/"}}]}},"_links":{"self":[{"href":"https:\/\/phaseslune.ch\/en\/wp-json\/wp\/v2\/pages\/73","targetHints":{"allow":["GET"]}}],"collection":[{"href":"https:\/\/phaseslune.ch\/en\/wp-json\/wp\/v2\/pages"}],"about":[{"href":"https:\/\/phaseslune.ch\/en\/wp-json\/wp\/v2\/types\/page"}],"author":[{"embeddable":true,"href":"https:\/\/phaseslune.ch\/en\/wp-json\/wp\/v2\/users\/1"}],"replies":[{"embeddable":true,"href":"https:\/\/phaseslune.ch\/en\/wp-json\/wp\/v2\/comments?post=73"}],"version-history":[{"count":52,"href":"https:\/\/phaseslune.ch\/en\/wp-json\/wp\/v2\/pages\/73\/revisions"}],"predecessor-version":[{"id":1327,"href":"https:\/\/phaseslune.ch\/en\/wp-json\/wp\/v2\/pages\/73\/revisions\/1327"}],"wp:attachment":[{"href":"https:\/\/phaseslune.ch\/en\/wp-json\/wp\/v2\/media?parent=73"}],"curies":[{"name":"wp","href":"https:\/\/api.w.org\/{rel}","templated":true}]}}